{"id":883,"date":"2020-04-14T09:53:18","date_gmt":"2020-04-14T06:53:18","guid":{"rendered":"https:\/\/terveks.ee\/about-us\/"},"modified":"2020-04-14T15:38:37","modified_gmt":"2020-04-14T12:38:37","slug":"about-us","status":"publish","type":"page","link":"https:\/\/terveks.ee\/en\/about-us\/","title":{"rendered":"About us"},"content":{"rendered":"<p>[et_pb_section fb_built=&#8221;1&#8243; prev_background_color=&#8221;#ffffff&#8221; admin_label=&#8221;About&#8221; _builder_version=&#8221;4.0.2&#8243; background_color=&#8221;#fff6ef&#8221; use_background_color_gradient=&#8221;on&#8221; background_color_gradient_start=&#8221;#ededef&#8221; background_color_gradient_end=&#8221;#ffffff&#8221; background_image=&#8221;https:\/\/terveks.ee\/wp-content\/uploads\/2019\/11\/vet-07-1024x625_green.png&#8221; background_size=&#8221;initial&#8221; custom_padding=&#8221;11vw||||false|false&#8221; top_divider_style=&#8221;wave&#8221; top_divider_height=&#8221;20vw&#8221;][et_pb_row column_structure=&#8221;1_3,2_3&#8243; _builder_version=&#8221;4.0.2&#8243;][et_pb_column type=&#8221;1_3&#8243; _builder_version=&#8221;3.25&#8243; custom_padding=&#8221;40px|||&#8221; custom_padding__hover=&#8221;|||&#8221;][et_pb_text _builder_version=&#8221;4.0.2&#8243; text_font=&#8221;||||||||&#8221; text_font_size=&#8221;18px&#8221; text_line_height=&#8221;1.8em&#8221; header_font=&#8221;||||||||&#8221; header_2_font=&#8221;Nunito|700|||||||&#8221; header_2_text_color=&#8221;#252f48&#8243; header_2_font_size=&#8221;42px&#8221; header_2_line_height=&#8221;1.4em&#8221; text_font_size_tablet=&#8221;&#8221; text_font_size_phone=&#8221;14px&#8221; text_font_size_last_edited=&#8221;on|phone&#8221; header_2_font_size_tablet=&#8221;&#8221; header_2_font_size_phone=&#8221;26px&#8221; header_2_font_size_last_edited=&#8221;on|phone&#8221; locked=&#8221;off&#8221;]<\/p>\n<h2>About us<\/h2>\n<p>[\/et_pb_text][\/et_pb_column][et_pb_column type=&#8221;2_3&#8243; _builder_version=&#8221;4.0.2&#8243; background_enable_color=&#8221;off&#8221; custom_padding=&#8221;|||&#8221; custom_padding__hover=&#8221;|||&#8221;][et_pb_image src=&#8221;https:\/\/terveks.ee\/wp-content\/uploads\/2019\/12\/Ettevottest.png&#8221; _builder_version=&#8221;4.0.2&#8243; background_enable_color=&#8221;off&#8221; custom_margin=&#8221;-170px||||false|false&#8221; custom_margin_tablet=&#8221;0px||||false|false&#8221; custom_margin_phone=&#8221;&#8221; custom_margin_last_edited=&#8221;on|tablet&#8221; mix_blend_mode=&#8221;soft-light&#8221; border_radii=&#8221;on|10px|10px|10px|10px&#8221;][\/et_pb_image][\/et_pb_column][\/et_pb_row][et_pb_row custom_padding_last_edited=&#8221;on|phone&#8221; _builder_version=&#8221;3.25&#8243; background_color=&#8221;#ffffff&#8221; background_size=&#8221;initial&#8221; background_position=&#8221;bottom_right&#8221; custom_margin=&#8221;30px||30px||true&#8221; custom_padding=&#8221;60px|60px|60px|60px|true|true&#8221; custom_padding_tablet=&#8221;&#8221; custom_padding_phone=&#8221;|30px||30px||true&#8221; border_radii=&#8221;on|10px|10px|10px|10px&#8221; box_shadow_style=&#8221;preset3&#8243; box_shadow_vertical=&#8221;90px&#8221; box_shadow_blur=&#8221;180px&#8221; box_shadow_spread=&#8221;-30px&#8221; box_shadow_color=&#8221;rgba(0,0,0,0.12)&#8221;][et_pb_column type=&#8221;4_4&#8243; _builder_version=&#8221;3.25&#8243; custom_padding=&#8221;|||&#8221; custom_padding__hover=&#8221;|||&#8221;] <div  class=\"et_pb_module no-waypoints et_pb_vertical_timeline_0 et_animated\">\n\t\t\t\t\t<section id=\"cd-timeline\" class=\"cd-container\">    <div class=\"cd-timeline-block  et_pb_vertical_timeline_item_0\">\n\t\t\t\t\t\t    <div class=\"cd-timeline-img\" style=\"background-color: #d16d79\"><span class=\"et-pb-icon et-pb-icon-circle\" style=\"color: #ffffff\">&amp;#xe033;<\/span><\/div>\n\t\t\t    \n\t\t\t\t\t\t    <div class=\"cd-timeline-content\">\n\t\t\t\t\t\t\t<span class=\"cd-date\">1993 y.<\/span>\n\t\t\t\t\t\t\t<div class=\"cd-timeline-content-liner et-waypoint et_pb_animation_fade_in\">\n\t\t\t\t\t\t\t\t<h2><\/h2>\n\t\t\t\t\t\t\t\t<p>Our Clinic started operating at 1993 from renovated old garage where the Clinic was located for the next 1,5 years. Afterwards the clinic and pet shop moved to Riia mnt 157 where we stayed put for the next 8 years.<\/p>\n\n\t\t\t\t\t\t\t\t\n\t\t\t\t\t\t\t<\/div>\n\t\t\t\t\t\t    <\/div>\n\t\t\t\t\t    <\/div>    <div class=\"cd-timeline-block  et_pb_vertical_timeline_item_1\">\n\t\t\t\t\t\t    <div class=\"cd-timeline-img\" style=\"background-color: #d16d79\"><span class=\"et-pb-icon et-pb-icon-circle\" style=\"color: #ffffff\">&amp;#xe033;<\/span><\/div>\n\t\t\t    \n\t\t\t\t\t\t    <div class=\"cd-timeline-content\">\n\t\t\t\t\t\t\t<span class=\"cd-date\">1995 y.<\/span>\n\t\t\t\t\t\t\t<div class=\"cd-timeline-content-liner et-waypoint et_pb_animation_fade_in\">\n\t\t\t\t\t\t\t\t<h2><\/h2>\n\t\t\t\t\t\t\t\t<div class=\"c-message_kit__gutter\">\n<div class=\"c-message_kit__gutter__right\" data-qa=\"message_content\">\n<div class=\"c-message_kit__blocks c-message_kit__blocks--rich_text\">\n<div class=\"c-message__message_blocks c-message__message_blocks--rich_text\">\n<div class=\"p-block_kit_renderer\" data-qa=\"block-kit-renderer\">\n<div class=\"p-block_kit_renderer__block_wrapper p-block_kit_renderer__block_wrapper--first\">\n<div class=\"p-rich_text_block\" dir=\"auto\">\n<div class=\"p-rich_text_section\">1995-2009 was a time for many expansions when we also tried many different locations for smaller shops and services, but at 2011 we decided to close all those suboffices and focused only on delivering our services at one main location.<\/div>\n<\/div>\n<\/div>\n<\/div>\n<\/div>\n<\/div>\n<\/div>\n<\/div>\n\n\t\t\t\t\t\t\t\t\n\t\t\t\t\t\t\t<\/div>\n\t\t\t\t\t\t    <\/div>\n\t\t\t\t\t    <\/div>    <div class=\"cd-timeline-block  et_pb_vertical_timeline_item_2\">\n\t\t\t\t\t\t    <div class=\"cd-timeline-img\" style=\"background-color: #d16d79\"><span class=\"et-pb-icon et-pb-icon-circle\" style=\"color: #ffffff\">&amp;#xe033;<\/span><\/div>\n\t\t\t    \n\t\t\t\t\t\t    <div class=\"cd-timeline-content\">\n\t\t\t\t\t\t\t<span class=\"cd-date\">2003 y.<\/span>\n\t\t\t\t\t\t\t<div class=\"cd-timeline-content-liner et-waypoint et_pb_animation_fade_in\">\n\t\t\t\t\t\t\t\t<h2><\/h2>\n\t\t\t\t\t\t\t\t<p>Today you will find us at Riia street 109, where new and dedicated office space was built just according to our needs.<\/p>\n\n\t\t\t\t\t\t\t\t\n\t\t\t\t\t\t\t<\/div>\n\t\t\t\t\t\t    <\/div>\n\t\t\t\t\t    <\/div><\/section>\n\t\t\t\t    <\/div>[\/et_pb_column][\/et_pb_row][\/et_pb_section][et_pb_section fb_built=&#8221;1&#8243; _builder_version=&#8221;4.0.2&#8243;][et_pb_row _builder_version=&#8221;4.4.0&#8243; hover_enabled=&#8221;0&#8243; disabled_on=&#8221;on|on|on&#8221; disabled=&#8221;on&#8221;][et_pb_column type=&#8221;4_4&#8243; _builder_version=&#8221;4.0.2&#8243;][et_pb_text _builder_version=&#8221;4.0.2&#8243; text_font=&#8221;||||||||&#8221; text_font_size=&#8221;18px&#8221; text_line_height=&#8221;1.8em&#8221; header_font=&#8221;||||||||&#8221; header_2_font=&#8221;Nunito|700|||||||&#8221; header_2_text_color=&#8221;#252f48&#8243; header_2_font_size=&#8221;42px&#8221; header_2_line_height=&#8221;1.4em&#8221; text_font_size_tablet=&#8221;&#8221; text_font_size_phone=&#8221;14px&#8221; text_font_size_last_edited=&#8221;on|phone&#8221; header_2_font_size_tablet=&#8221;&#8221; header_2_font_size_phone=&#8221;26px&#8221; header_2_font_size_last_edited=&#8221;on|phone&#8221; locked=&#8221;off&#8221;]<\/p>\n<h2>Our staff<\/h2>\n<p>[\/et_pb_text][\/et_pb_column][\/et_pb_row][et_pb_row column_structure=&#8221;1_4,1_4,1_4,1_4&#8243; _builder_version=&#8221;4.4.0&#8243; hover_enabled=&#8221;0&#8243; disabled_on=&#8221;on|on|on&#8221; disabled=&#8221;on&#8221;][et_pb_column type=&#8221;1_4&#8243; _builder_version=&#8221;4.0.2&#8243;][et_pb_team_member name=&#8221;Name of employee&#8221; position=&#8221;Position&#8221; image_url=&#8221;https:\/\/terveks.ee\/wp-content\/uploads\/2019\/12\/portrait-12.jpg&#8221; _builder_version=&#8221;4.0.2&#8243; header_font=&#8221;|700|||||||&#8221; header_text_color=&#8221;#d16d79&#8243; position_font=&#8221;|700|||||||&#8221; position_text_color=&#8221;#252f48&#8243; position_line_height=&#8221;2em&#8221; body_link_font=&#8221;|700|||||||&#8221; body_link_text_color=&#8221;#1bbcb6&#8243; border_color_all_image=&#8221;#1bbcb6&#8243; body_link_text_color__hover_enabled=&#8221;off|hover&#8221; body_link_text_color__hover=&#8221;#d16d79&#8243;]<a href=\"mailto:n\u00e4idis@email.com\">n\u00e4idis@email.com<\/a>[\/et_pb_team_member][\/et_pb_column][et_pb_column type=&#8221;1_4&#8243; _builder_version=&#8221;4.0.2&#8243;][et_pb_team_member name=&#8221;Name of employee&#8221; position=&#8221;Position&#8221; image_url=&#8221;https:\/\/terveks.ee\/wp-content\/uploads\/2019\/12\/portrait-12.jpg&#8221; _builder_version=&#8221;4.0.2&#8243; header_font=&#8221;|700|||||||&#8221; header_text_color=&#8221;#d16d79&#8243; position_font=&#8221;|700|||||||&#8221; position_text_color=&#8221;#252f48&#8243; position_line_height=&#8221;2em&#8221; body_link_font=&#8221;|700|||||||&#8221; body_link_text_color=&#8221;#1bbcb6&#8243; border_color_all_image=&#8221;#1bbcb6&#8243;]<a href=\"mailto:n\u00e4idis@email.com\">n\u00e4idis@email.com<\/a>[\/et_pb_team_member][\/et_pb_column][et_pb_column type=&#8221;1_4&#8243; _builder_version=&#8221;4.0.2&#8243;][\/et_pb_column][et_pb_column type=&#8221;1_4&#8243; _builder_version=&#8221;4.0.2&#8243;][\/et_pb_column][\/et_pb_row][et_pb_row custom_padding_last_edited=&#8221;on|phone&#8221; _builder_version=&#8221;4.0.2&#8243; background_color=&#8221;#ffffff&#8221; background_size=&#8221;initial&#8221; background_position=&#8221;bottom_right&#8221; custom_margin=&#8221;30px||30px||true&#8221; custom_padding=&#8221;60px|60px|60px|60px|true|true&#8221; custom_padding_tablet=&#8221;&#8221; custom_padding_phone=&#8221;|30px||30px||true&#8221; border_radii=&#8221;on|10px|10px|10px|10px&#8221; box_shadow_style=&#8221;preset3&#8243; box_shadow_vertical=&#8221;20px&#8221; box_shadow_blur=&#8221;101px&#8221; box_shadow_spread=&#8221;-19px&#8221; box_shadow_color=&#8221;rgba(0,0,0,0.12)&#8221;][et_pb_column type=&#8221;4_4&#8243; _builder_version=&#8221;4.0.2&#8243;][et_pb_text ul_type=&#8221;none&#8221; _builder_version=&#8221;4.0.2&#8243; ul_font=&#8221;||||||||&#8221; ul_line_height=&#8221;2em&#8221; link_text_color__hover_enabled=&#8221;on|hover&#8221;]<\/p>\n<h2><strong>S\u00c4RE Ltd<\/strong><\/h2>\n<ul>\n<li><strong>Registration number:<\/strong> 11029805<\/li>\n<li><strong>Address:<\/strong> <a href=\"https:\/\/goo.gl\/maps\/TzMCa3Ax1qwMpZ759\">Riia mnt 109 P\u00e4rnu, P\u00e4rnu P\u00e4rnumaa 80020<\/a><\/li>\n<li><strong>Established:<\/strong> 13.05.2004<\/li>\n<li><strong>Phone:<\/strong>\u00a0<a href=\"tel:372204470023\">+372 4470 023<\/a> | <a href=\"tel:3725130701\">+372 5130 701<\/a><\/li>\n<li><strong>E-mail:<\/strong> <a href=\"mailto:info@terveks.ee\">info@terveks.ee<\/a><\/li>\n<\/ul>\n<p>[\/et_pb_text][\/et_pb_column][\/et_pb_row][\/et_pb_section][et_pb_section fb_built=&#8221;1&#8243; admin_label=&#8221;Footer&#8221; _builder_version=&#8221;4.0.2&#8243; use_background_color_gradient=&#8221;on&#8221; background_color_gradient_start=&#8221;#a9c3b8&#8243; background_color_gradient_end=&#8221;#7dc9e0&#8243; background_color_gradient_direction=&#8221;221deg&#8221; background_image=&#8221;https:\/\/terveks.ee\/wp-content\/uploads\/2019\/12\/vet-30-scaled.png&#8221; background_size=&#8221;contain&#8221; background_position=&#8221;top_center&#8221; custom_padding=&#8221;20%||8%||false|false&#8221; background_last_edited=&#8221;off|phone&#8221; use_background_color_gradient_tablet=&#8221;on&#8221; use_background_color_gradient_phone=&#8221;on&#8221; background_color_gradient_end_tablet=&#8221;rgba(255,112,0,0)&#8221; background_color_gradient_end_phone=&#8221;rgba(255,112,0,0)&#8221; background_color_gradient_direction_tablet=&#8221;180deg&#8221; background_color_gradient_start_position_phone=&#8221;36%&#8221; background_color_gradient_end_position_tablet=&#8221;100%&#8221; background_color_gradient_end_position_phone=&#8221;100%&#8221; background_image_tablet=&#8221;http:\/\/zaib.sandbox.etdevs.com\/divi\/wp-content\/uploads\/sites\/2\/2019\/05\/vet-03.png&#8221; background_size_tablet=&#8221;cover&#8221; background_position_tablet=&#8221;bottom_center&#8221; border_style_all_tablet=&#8221;&#8221; border_style_all_phone=&#8221;&#8221; border_style_all_last_edited=&#8221;on|tablet&#8221; global_module=&#8221;213&#8243; saved_tabs=&#8221;all&#8221; locked=&#8221;off&#8221;][et_pb_row column_structure=&#8221;1_2,1_2&#8243; _builder_version=&#8221;3.25&#8243; custom_padding=&#8221;||26px|||&#8221;][et_pb_column type=&#8221;1_2&#8243; _builder_version=&#8221;3.25&#8243; custom_padding=&#8221;|||&#8221; custom_padding__hover=&#8221;|||&#8221;][et_pb_blurb title=&#8221;Contact us&#8221; image=&#8221;https:\/\/terveks.ee\/wp-content\/uploads\/2019\/11\/veterinarian-icon-2.png&#8221; _builder_version=&#8221;4.0.2&#8243; header_font=&#8221;Nunito|700|||||||&#8221; header_font_size=&#8221;24px&#8221; header_line_height=&#8221;1.1em&#8221; body_font=&#8221;Nunito|700|||||||&#8221; body_text_color=&#8221;#d16d79&#8243; body_link_font=&#8221;Nunito|700|||||||&#8221; body_link_text_color=&#8221;#d16d79&#8243; background_color=&#8221;#ffffff&#8221; text_orientation=&#8221;center&#8221; custom_margin=&#8221;||10px&#8221; custom_padding=&#8221;40px|30px|40px|30px|true|true&#8221; header_font_size_tablet=&#8221;&#8221; header_font_size_phone=&#8221;18px&#8221; header_font_size_last_edited=&#8221;on|phone&#8221; border_radii=&#8221;on|10px|10px|10px|10px&#8221; box_shadow_style=&#8221;preset3&#8243; box_shadow_vertical=&#8221;60px&#8221; box_shadow_blur=&#8221;120px&#8221; box_shadow_color=&#8221;rgba(0,0,0,0.2)&#8221; locked=&#8221;off&#8221;]<a href=\"tel:3724470023\">Tel: 4470 023<\/a> |\u00a0<a href=\"tel:3725130701\">Mob:\u00a05130 701<\/a>[\/et_pb_blurb][\/et_pb_column][et_pb_column type=&#8221;1_2&#8243; _builder_version=&#8221;3.25&#8243; custom_padding=&#8221;|||&#8221; custom_padding__hover=&#8221;|||&#8221;][et_pb_blurb title=&#8221;Pet food and supplies&#8221; image=&#8221;https:\/\/terveks.ee\/wp-content\/uploads\/2019\/11\/veterinarian-icon-4.png&#8221; _builder_version=&#8221;4.0.2&#8243; header_font=&#8221;Nunito|700|||||||&#8221; header_font_size=&#8221;24px&#8221; header_line_height=&#8221;1.1em&#8221; body_font=&#8221;Nunito|700|||||||&#8221; body_text_color=&#8221;#316eff&#8221; body_link_font=&#8221;Nunito|700|||||||&#8221; body_link_text_color=&#8221;#d16d79&#8243; background_color=&#8221;#ffffff&#8221; text_orientation=&#8221;center&#8221; custom_margin=&#8221;||10px&#8221; custom_padding=&#8221;40px|30px|40px|30px|false|true&#8221; header_font_size_tablet=&#8221;&#8221; header_font_size_phone=&#8221;18px&#8221; header_font_size_last_edited=&#8221;on|phone&#8221; border_radii=&#8221;on|10px|10px|10px|10px&#8221; box_shadow_style=&#8221;preset3&#8243; box_shadow_vertical=&#8221;60px&#8221; box_shadow_blur=&#8221;120px&#8221; box_shadow_color=&#8221;rgba(0,0,0,0.2)&#8221; locked=&#8221;off&#8221;]<a href=\"https:\/\/terveks.ee\/en\/pet-food-and-supplies\/\">View our supplies<\/a>[\/et_pb_blurb][\/et_pb_column][\/et_pb_row][\/et_pb_section]<\/p>\n","protected":false},"excerpt":{"rendered":"<p>About us Our Clinic started operating at 1993 from renovated old garage where the Clinic was located for the next 1,5 years. Afterwards the clinic and pet shop moved to Riia mnt 157 where we stayed put for the next 8 years. 1995-2009 was a time for many expansions when we also tried many different [&hellip;]<\/p>\n","protected":false},"author":3,"featured_media":0,"parent":0,"menu_order":0,"comment_status":"closed","ping_status":"closed","template":"","meta":{"_et_pb_use_builder":"on","_et_pb_old_content":"","_et_gb_content_width":"","footnotes":""},"class_list":["post-883","page","type-page","status-publish","hentry"],"yoast_head":"<!-- This site is optimized with the Yoast SEO plugin v27.3 - https:\/\/yoast.com\/product\/yoast-seo-wordpress\/ -->\n<title>About us - Terveks Loomakliinik<\/title>\n<meta name=\"robots\" content=\"index, follow, max-snippet:-1, max-image-preview:large, max-video-preview:-1\" \/>\n<link rel=\"canonical\" href=\"https:\/\/terveks.ee\/en\/about-us\/\" \/>\n<meta property=\"og:locale\" content=\"en_US\" \/>\n<meta property=\"og:type\" content=\"article\" \/>\n<meta property=\"og:title\" content=\"About us - Terveks Loomakliinik\" \/>\n<meta property=\"og:description\" content=\"About us Our Clinic started operating at 1993 from renovated old garage where the Clinic was located for the next 1,5 years. Afterwards the clinic and pet shop moved to Riia mnt 157 where we stayed put for the next 8 years. 1995-2009 was a time for many expansions when we also tried many different [&hellip;]\" \/>\n<meta property=\"og:url\" content=\"https:\/\/terveks.ee\/en\/about-us\/\" \/>\n<meta property=\"og:site_name\" content=\"Terveks Loomakliinik\" \/>\n<meta property=\"article:modified_time\" content=\"2020-04-14T12:38:37+00:00\" \/>\n<meta name=\"twitter:card\" content=\"summary_large_image\" \/>\n<meta name=\"twitter:label1\" content=\"Est. reading time\" \/>\n\t<meta name=\"twitter:data1\" content=\"7 minutes\" \/>\n<script type=\"application\/ld+json\" class=\"yoast-schema-graph\">{\"@context\":\"https:\\\/\\\/schema.org\",\"@graph\":[{\"@type\":\"WebPage\",\"@id\":\"https:\\\/\\\/terveks.ee\\\/en\\\/about-us\\\/\",\"url\":\"https:\\\/\\\/terveks.ee\\\/en\\\/about-us\\\/\",\"name\":\"About us - Terveks Loomakliinik\",\"isPartOf\":{\"@id\":\"https:\\\/\\\/terveks.ee\\\/en\\\/#website\"},\"datePublished\":\"2020-04-14T06:53:18+00:00\",\"dateModified\":\"2020-04-14T12:38:37+00:00\",\"breadcrumb\":{\"@id\":\"https:\\\/\\\/terveks.ee\\\/en\\\/about-us\\\/#breadcrumb\"},\"inLanguage\":\"en-US\",\"potentialAction\":[{\"@type\":\"ReadAction\",\"target\":[\"https:\\\/\\\/terveks.ee\\\/en\\\/about-us\\\/\"]}]},{\"@type\":\"BreadcrumbList\",\"@id\":\"https:\\\/\\\/terveks.ee\\\/en\\\/about-us\\\/#breadcrumb\",\"itemListElement\":[{\"@type\":\"ListItem\",\"position\":1,\"name\":\"Home\",\"item\":\"https:\\\/\\\/terveks.ee\\\/en\\\/\"},{\"@type\":\"ListItem\",\"position\":2,\"name\":\"About us\"}]},{\"@type\":\"WebSite\",\"@id\":\"https:\\\/\\\/terveks.ee\\\/en\\\/#website\",\"url\":\"https:\\\/\\\/terveks.ee\\\/en\\\/\",\"name\":\"Terveks Loomakliinik\",\"description\":\"Loomakliinik\",\"potentialAction\":[{\"@type\":\"SearchAction\",\"target\":{\"@type\":\"EntryPoint\",\"urlTemplate\":\"https:\\\/\\\/terveks.ee\\\/en\\\/?s={search_term_string}\"},\"query-input\":{\"@type\":\"PropertyValueSpecification\",\"valueRequired\":true,\"valueName\":\"search_term_string\"}}],\"inLanguage\":\"en-US\"}]}<\/script>\n<!-- \/ Yoast SEO plugin. -->","yoast_head_json":{"title":"About us - Terveks Loomakliinik","robots":{"index":"index","follow":"follow","max-snippet":"max-snippet:-1","max-image-preview":"max-image-preview:large","max-video-preview":"max-video-preview:-1"},"canonical":"https:\/\/terveks.ee\/en\/about-us\/","og_locale":"en_US","og_type":"article","og_title":"About us - Terveks Loomakliinik","og_description":"About us Our Clinic started operating at 1993 from renovated old garage where the Clinic was located for the next 1,5 years. Afterwards the clinic and pet shop moved to Riia mnt 157 where we stayed put for the next 8 years. 1995-2009 was a time for many expansions when we also tried many different [&hellip;]","og_url":"https:\/\/terveks.ee\/en\/about-us\/","og_site_name":"Terveks Loomakliinik","article_modified_time":"2020-04-14T12:38:37+00:00","twitter_card":"summary_large_image","twitter_misc":{"Est. reading time":"7 minutes"},"schema":{"@context":"https:\/\/schema.org","@graph":[{"@type":"WebPage","@id":"https:\/\/terveks.ee\/en\/about-us\/","url":"https:\/\/terveks.ee\/en\/about-us\/","name":"About us - Terveks Loomakliinik","isPartOf":{"@id":"https:\/\/terveks.ee\/en\/#website"},"datePublished":"2020-04-14T06:53:18+00:00","dateModified":"2020-04-14T12:38:37+00:00","breadcrumb":{"@id":"https:\/\/terveks.ee\/en\/about-us\/#breadcrumb"},"inLanguage":"en-US","potentialAction":[{"@type":"ReadAction","target":["https:\/\/terveks.ee\/en\/about-us\/"]}]},{"@type":"BreadcrumbList","@id":"https:\/\/terveks.ee\/en\/about-us\/#breadcrumb","itemListElement":[{"@type":"ListItem","position":1,"name":"Home","item":"https:\/\/terveks.ee\/en\/"},{"@type":"ListItem","position":2,"name":"About us"}]},{"@type":"WebSite","@id":"https:\/\/terveks.ee\/en\/#website","url":"https:\/\/terveks.ee\/en\/","name":"Terveks Loomakliinik","description":"Loomakliinik","potentialAction":[{"@type":"SearchAction","target":{"@type":"EntryPoint","urlTemplate":"https:\/\/terveks.ee\/en\/?s={search_term_string}"},"query-input":{"@type":"PropertyValueSpecification","valueRequired":true,"valueName":"search_term_string"}}],"inLanguage":"en-US"}]}},"_links":{"self":[{"href":"https:\/\/terveks.ee\/en\/wp-json\/wp\/v2\/pages\/883","targetHints":{"allow":["GET"]}}],"collection":[{"href":"https:\/\/terveks.ee\/en\/wp-json\/wp\/v2\/pages"}],"about":[{"href":"https:\/\/terveks.ee\/en\/wp-json\/wp\/v2\/types\/page"}],"author":[{"embeddable":true,"href":"https:\/\/terveks.ee\/en\/wp-json\/wp\/v2\/users\/3"}],"replies":[{"embeddable":true,"href":"https:\/\/terveks.ee\/en\/wp-json\/wp\/v2\/comments?post=883"}],"version-history":[{"count":3,"href":"https:\/\/terveks.ee\/en\/wp-json\/wp\/v2\/pages\/883\/revisions"}],"predecessor-version":[{"id":927,"href":"https:\/\/terveks.ee\/en\/wp-json\/wp\/v2\/pages\/883\/revisions\/927"}],"wp:attachment":[{"href":"https:\/\/terveks.ee\/en\/wp-json\/wp\/v2\/media?parent=883"}],"curies":[{"name":"wp","href":"https:\/\/api.w.org\/{rel}","templated":true}]}}