{"id":1630,"date":"2022-05-18T11:22:59","date_gmt":"2022-05-18T08:22:59","guid":{"rendered":"https:\/\/terveks.ee\/elainten-ravinto-ja-tarvikkeet\/"},"modified":"2022-05-18T11:23:00","modified_gmt":"2022-05-18T08:23:00","slug":"elainten-ravinto-ja-tarvikkeet","status":"publish","type":"page","link":"https:\/\/terveks.ee\/fi\/elainten-ravinto-ja-tarvikkeet\/","title":{"rendered":"El\u00e4inten ravinto ja tarvikkeet"},"content":{"rendered":"<p>[et_pb_section fb_built=&#8221;1&#8243; admin_label=&#8221;Feature&#8221; _builder_version=&#8221;3.23.3&#8243; z_index=&#8221;1&#8243; custom_padding=&#8221;||2px|||&#8221; locked=&#8221;off&#8221;][et_pb_row column_structure=&#8221;2_5,3_5&#8243; custom_padding_last_edited=&#8221;on|desktop&#8221; _builder_version=&#8221;3.25&#8243; background_color=&#8221;#ffffff&#8221; background_size=&#8221;initial&#8221; background_position=&#8221;bottom_right&#8221; max_width=&#8221;1140px&#8221; overflow-x=&#8221;visible&#8221; overflow-y=&#8221;visible&#8221; custom_margin=&#8221;||120px&#8221; custom_padding=&#8221;60px|60px|40px|60px|false|true&#8221; custom_padding_tablet=&#8221;40px|30px||30px||true&#8221; custom_padding_phone=&#8221;&#8221; border_radii=&#8221;on|10px|10px|10px|10px&#8221; box_shadow_style=&#8221;preset3&#8243; box_shadow_vertical=&#8221;90px&#8221; box_shadow_blur=&#8221;180px&#8221; box_shadow_spread=&#8221;-30px&#8221; box_shadow_color=&#8221;rgba(0,0,0,0.12)&#8221; locked=&#8221;off&#8221;][et_pb_column type=&#8221;2_5&#8243; _builder_version=&#8221;3.25&#8243; custom_padding=&#8221;|||&#8221; custom_padding_tablet=&#8221;0px||&#8221; custom_padding_last_edited=&#8221;off|desktop&#8221; custom_padding__hover=&#8221;|||&#8221;][et_pb_image src=&#8221;https:\/\/terveks.ee\/wp-content\/uploads\/2019\/12\/tarbed-2.png&#8221; _builder_version=&#8221;4.0.2&#8243; width_last_edited=&#8221;off|tablet&#8221; max_width_tablet=&#8221;400px&#8221; max_width_phone=&#8221;&#8221; max_width_last_edited=&#8221;on|desktop&#8221; custom_margin=&#8221;-20%||-30%|-14vw&#8221; custom_margin_tablet=&#8221;-10%||0%|0vw&#8221; custom_margin_phone=&#8221;&#8221; custom_margin_last_edited=&#8221;on|tablet&#8221; locked=&#8221;off&#8221;][\/et_pb_image][\/et_pb_column][et_pb_column type=&#8221;3_5&#8243; _builder_version=&#8221;3.25&#8243; custom_padding=&#8221;100px|||&#8221; custom_padding_tablet=&#8221;0px|||&#8221; custom_padding_phone=&#8221;&#8221; custom_padding_last_edited=&#8221;on|desktop&#8221; custom_padding__hover=&#8221;|||&#8221;][et_pb_text _builder_version=&#8221;4.0.2&#8243; text_font=&#8221;||||||||&#8221; header_font=&#8221;||||||||&#8221; header_3_font=&#8221;Nunito|800||on|||||&#8221; header_3_text_color=&#8221;#1bbcb6&#8243; header_3_font_size=&#8221;14px&#8221; header_3_letter_spacing=&#8221;2px&#8221; header_3_line_height=&#8221;1.4em&#8221; locked=&#8221;off&#8221;]<\/p>\n<h3>Lis\u00e4palvelut<\/h3>\n<p>[\/et_pb_text][et_pb_text _builder_version=&#8221;4.8.1&#8243; text_font=&#8221;||||||||&#8221; text_font_size=&#8221;18px&#8221; text_line_height=&#8221;1.8em&#8221; link_font=&#8221;||||||||&#8221; link_text_color=&#8221;#d16d79&#8243; ul_text_color=&#8221;#d16d79&#8243; ul_line_height=&#8221;2em&#8221; header_font=&#8221;||||||||&#8221; header_2_font=&#8221;Nunito|700|||||||&#8221; header_2_font_size=&#8221;42px&#8221; header_2_line_height=&#8221;1.4em&#8221; text_font_size_tablet=&#8221;&#8221; text_font_size_phone=&#8221;14px&#8221; text_font_size_last_edited=&#8221;on|phone&#8221; header_2_font_size_tablet=&#8221;&#8221; header_2_font_size_phone=&#8221;26px&#8221; header_2_font_size_last_edited=&#8221;on|phone&#8221; locked=&#8221;off&#8221;]<\/p>\n<h2>El\u00e4inten ravinto ja tarvikkeet<\/h2>\n<p>Voit ostaa Farmina Vet Life -ruokavaliovalmisteita el\u00e4imille, joilla on erityistarpeita, Kennel&#8217;s Favourite -ravintovalmisteita sek\u00e4 kaikenlaisia hoitotuotteita ja lis\u00e4ravinteita lemmikkiel\u00e4imille.<\/p>\n<p>Maahantuomiimme tuotemerkkeihimme kuuluvat:<\/p>\n<ul>\n<li><span><a href=\"http:\/\/www.profpetcorporation.com\/\"><strong><u>Kennel\u2019s Favourite<\/u><\/strong><\/a><\/span><span><\/span><\/li>\n<p><span><strong><u><a href=\"http:\/\/www.neti.ee\"><\/a><\/u><\/strong><\/span>\n<\/ul>\n<p>[\/et_pb_text][\/et_pb_column][\/et_pb_row][\/et_pb_section][et_pb_section fb_built=&#8221;1&#8243; admin_label=&#8221;Footer&#8221; _builder_version=&#8221;4.0.2&#8243; use_background_color_gradient=&#8221;on&#8221; background_color_gradient_start=&#8221;#a9c3b8&#8243; background_color_gradient_end=&#8221;#7dc9e0&#8243; background_color_gradient_direction=&#8221;221deg&#8221; background_image=&#8221;https:\/\/terveks.ee\/wp-content\/uploads\/2019\/12\/vet-30-scaled.png&#8221; background_size=&#8221;contain&#8221; background_position=&#8221;top_center&#8221; custom_padding=&#8221;23.1%||8%||false|false&#8221; background_last_edited=&#8221;off|phone&#8221; use_background_color_gradient_tablet=&#8221;on&#8221; use_background_color_gradient_phone=&#8221;on&#8221; background_color_gradient_end_tablet=&#8221;rgba(255,112,0,0)&#8221; background_color_gradient_end_phone=&#8221;rgba(255,112,0,0)&#8221; background_color_gradient_direction_tablet=&#8221;180deg&#8221; background_color_gradient_start_position_phone=&#8221;36%&#8221; background_color_gradient_end_position_tablet=&#8221;100%&#8221; background_color_gradient_end_position_phone=&#8221;100%&#8221; background_image_tablet=&#8221;http:\/\/zaib.sandbox.etdevs.com\/divi\/wp-content\/uploads\/sites\/2\/2019\/05\/vet-03.png&#8221; background_size_tablet=&#8221;cover&#8221; background_position_tablet=&#8221;bottom_center&#8221; border_style_all_tablet=&#8221;&#8221; border_style_all_phone=&#8221;&#8221; border_style_all_last_edited=&#8221;on|tablet&#8221; global_module=&#8221;213&#8243; saved_tabs=&#8221;all&#8221; locked=&#8221;off&#8221;][et_pb_row column_structure=&#8221;1_2,1_2&#8243; _builder_version=&#8221;3.25&#8243; custom_padding=&#8221;||26px|||&#8221;][et_pb_column type=&#8221;1_2&#8243; _builder_version=&#8221;3.25&#8243; custom_padding=&#8221;|||&#8221; custom_padding__hover=&#8221;|||&#8221;][et_pb_blurb title=&#8221;Ota yhteytt\u00e4&#8221; image=&#8221;https:\/\/terveks.ee\/wp-content\/uploads\/2019\/11\/veterinarian-icon-2.png&#8221; _builder_version=&#8221;4.0.2&#8243; header_font=&#8221;Nunito|700|||||||&#8221; header_font_size=&#8221;24px&#8221; header_line_height=&#8221;1.1em&#8221; body_font=&#8221;Nunito|700|||||||&#8221; body_text_color=&#8221;#d16d79&#8243; body_link_font=&#8221;Nunito|700|||||||&#8221; body_link_text_color=&#8221;#d16d79&#8243; background_color=&#8221;#ffffff&#8221; text_orientation=&#8221;center&#8221; custom_margin=&#8221;||10px&#8221; custom_padding=&#8221;40px|30px|40px|30px|true|true&#8221; header_font_size_tablet=&#8221;&#8221; header_font_size_phone=&#8221;18px&#8221; header_font_size_last_edited=&#8221;on|phone&#8221; border_radii=&#8221;on|10px|10px|10px|10px&#8221; box_shadow_style=&#8221;preset3&#8243; box_shadow_vertical=&#8221;60px&#8221; box_shadow_blur=&#8221;120px&#8221; box_shadow_color=&#8221;rgba(0,0,0,0.2)&#8221; locked=&#8221;off&#8221;]<\/p>\n<p><a href=\"tel:3724470023\">Puh: 4470 023<\/a> |&nbsp;<a href=\"tel:3725130701\">GSM:&nbsp;5130 701<\/a><\/p>\n<p>[\/et_pb_blurb][\/et_pb_column][et_pb_column type=&#8221;1_2&#8243; _builder_version=&#8221;3.25&#8243; custom_padding=&#8221;|||&#8221; custom_padding__hover=&#8221;|||&#8221;][et_pb_blurb title=&#8221;El\u00e4inten ravinto ja tarvikkeet&#8221; image=&#8221;https:\/\/terveks.ee\/wp-content\/uploads\/2019\/11\/veterinarian-icon-4.png&#8221; _builder_version=&#8221;4.0.2&#8243; header_font=&#8221;Nunito|700|||||||&#8221; header_font_size=&#8221;24px&#8221; header_line_height=&#8221;1.1em&#8221; body_font=&#8221;Nunito|700|||||||&#8221; body_text_color=&#8221;#316eff&#8221; body_link_font=&#8221;Nunito|700|||||||&#8221; body_link_text_color=&#8221;#d16d79&#8243; background_color=&#8221;#ffffff&#8221; text_orientation=&#8221;center&#8221; custom_margin=&#8221;||10px&#8221; custom_padding=&#8221;40px|30px|40px|30px|false|true&#8221; header_font_size_tablet=&#8221;&#8221; header_font_size_phone=&#8221;18px&#8221; header_font_size_last_edited=&#8221;on|phone&#8221; border_radii=&#8221;on|10px|10px|10px|10px&#8221; box_shadow_style=&#8221;preset3&#8243; box_shadow_vertical=&#8221;60px&#8221; box_shadow_blur=&#8221;120px&#8221; box_shadow_color=&#8221;rgba(0,0,0,0.2)&#8221; locked=&#8221;off&#8221;]<\/p>\n<p><a href=\"https:\/\/terveks.ee\/fi\/elainten-ravinto-ja-tarvikkeet\/\">Katso tarvikkeita<\/a><\/p>\n<p>[\/et_pb_blurb][\/et_pb_column][\/et_pb_row][\/et_pb_section]<\/p>\n","protected":false},"excerpt":{"rendered":"<p>Lis\u00e4palvelutEl\u00e4inten ravinto ja tarvikkeet Voit ostaa Farmina Vet Life -ruokavaliovalmisteita el\u00e4imille, joilla on erityistarpeita, Kennel&#8217;s Favourite -ravintovalmisteita sek\u00e4 kaikenlaisia hoitotuotteita ja lis\u00e4ravinteita lemmikkiel\u00e4imille. Maahantuomiimme tuotemerkkeihimme kuuluvat: Kennel\u2019s Favourite Puh: 4470 023 |&nbsp;GSM:&nbsp;5130 701Katso tarvikkeita<\/p>\n","protected":false},"author":3,"featured_media":0,"parent":0,"menu_order":0,"comment_status":"closed","ping_status":"closed","template":"","meta":{"_et_pb_use_builder":"on","_et_pb_old_content":"","_et_gb_content_width":"","footnotes":""},"class_list":["post-1630","page","type-page","status-publish","hentry"],"yoast_head":"<!-- This site is optimized with the Yoast SEO plugin v27.3 - https:\/\/yoast.com\/product\/yoast-seo-wordpress\/ -->\n<title>El\u00e4inten ravinto ja tarvikkeet - Terveks Loomakliinik<\/title>\n<meta name=\"robots\" content=\"index, follow, max-snippet:-1, max-image-preview:large, max-video-preview:-1\" \/>\n<link rel=\"canonical\" href=\"https:\/\/terveks.ee\/fi\/elainten-ravinto-ja-tarvikkeet\/\" \/>\n<meta property=\"og:locale\" content=\"fi_FI\" \/>\n<meta property=\"og:type\" content=\"article\" \/>\n<meta property=\"og:title\" content=\"El\u00e4inten ravinto ja tarvikkeet - Terveks Loomakliinik\" \/>\n<meta property=\"og:description\" content=\"Lis\u00e4palvelutEl\u00e4inten ravinto ja tarvikkeet Voit ostaa Farmina Vet Life -ruokavaliovalmisteita el\u00e4imille, joilla on erityistarpeita, Kennel&#039;s Favourite -ravintovalmisteita sek\u00e4 kaikenlaisia hoitotuotteita ja lis\u00e4ravinteita lemmikkiel\u00e4imille. Maahantuomiimme tuotemerkkeihimme kuuluvat: Kennel\u2019s Favourite Puh: 4470 023 |&nbsp;GSM:&nbsp;5130 701Katso tarvikkeita\" \/>\n<meta property=\"og:url\" content=\"https:\/\/terveks.ee\/fi\/elainten-ravinto-ja-tarvikkeet\/\" \/>\n<meta property=\"og:site_name\" content=\"Terveks Loomakliinik\" \/>\n<meta property=\"article:modified_time\" content=\"2022-05-18T08:23:00+00:00\" \/>\n<meta name=\"twitter:card\" content=\"summary_large_image\" \/>\n<meta name=\"twitter:label1\" content=\"Arvioitu lukuaika\" \/>\n\t<meta name=\"twitter:data1\" content=\"4 minuuttia\" \/>\n<script type=\"application\/ld+json\" class=\"yoast-schema-graph\">{\"@context\":\"https:\\\/\\\/schema.org\",\"@graph\":[{\"@type\":\"WebPage\",\"@id\":\"https:\\\/\\\/terveks.ee\\\/fi\\\/elainten-ravinto-ja-tarvikkeet\\\/\",\"url\":\"https:\\\/\\\/terveks.ee\\\/fi\\\/elainten-ravinto-ja-tarvikkeet\\\/\",\"name\":\"El\u00e4inten ravinto ja tarvikkeet - Terveks Loomakliinik\",\"isPartOf\":{\"@id\":\"https:\\\/\\\/terveks.ee\\\/fi\\\/#website\"},\"datePublished\":\"2022-05-18T08:22:59+00:00\",\"dateModified\":\"2022-05-18T08:23:00+00:00\",\"breadcrumb\":{\"@id\":\"https:\\\/\\\/terveks.ee\\\/fi\\\/elainten-ravinto-ja-tarvikkeet\\\/#breadcrumb\"},\"inLanguage\":\"fi\",\"potentialAction\":[{\"@type\":\"ReadAction\",\"target\":[\"https:\\\/\\\/terveks.ee\\\/fi\\\/elainten-ravinto-ja-tarvikkeet\\\/\"]}]},{\"@type\":\"BreadcrumbList\",\"@id\":\"https:\\\/\\\/terveks.ee\\\/fi\\\/elainten-ravinto-ja-tarvikkeet\\\/#breadcrumb\",\"itemListElement\":[{\"@type\":\"ListItem\",\"position\":1,\"name\":\"Home\",\"item\":\"https:\\\/\\\/terveks.ee\\\/fi\\\/\"},{\"@type\":\"ListItem\",\"position\":2,\"name\":\"El\u00e4inten ravinto ja tarvikkeet\"}]},{\"@type\":\"WebSite\",\"@id\":\"https:\\\/\\\/terveks.ee\\\/fi\\\/#website\",\"url\":\"https:\\\/\\\/terveks.ee\\\/fi\\\/\",\"name\":\"Terveks Loomakliinik\",\"description\":\"Loomakliinik\",\"potentialAction\":[{\"@type\":\"SearchAction\",\"target\":{\"@type\":\"EntryPoint\",\"urlTemplate\":\"https:\\\/\\\/terveks.ee\\\/fi\\\/?s={search_term_string}\"},\"query-input\":{\"@type\":\"PropertyValueSpecification\",\"valueRequired\":true,\"valueName\":\"search_term_string\"}}],\"inLanguage\":\"fi\"}]}<\/script>\n<!-- \/ Yoast SEO plugin. -->","yoast_head_json":{"title":"El\u00e4inten ravinto ja tarvikkeet - Terveks Loomakliinik","robots":{"index":"index","follow":"follow","max-snippet":"max-snippet:-1","max-image-preview":"max-image-preview:large","max-video-preview":"max-video-preview:-1"},"canonical":"https:\/\/terveks.ee\/fi\/elainten-ravinto-ja-tarvikkeet\/","og_locale":"fi_FI","og_type":"article","og_title":"El\u00e4inten ravinto ja tarvikkeet - Terveks Loomakliinik","og_description":"Lis\u00e4palvelutEl\u00e4inten ravinto ja tarvikkeet Voit ostaa Farmina Vet Life -ruokavaliovalmisteita el\u00e4imille, joilla on erityistarpeita, Kennel's Favourite -ravintovalmisteita sek\u00e4 kaikenlaisia hoitotuotteita ja lis\u00e4ravinteita lemmikkiel\u00e4imille. Maahantuomiimme tuotemerkkeihimme kuuluvat: Kennel\u2019s Favourite Puh: 4470 023 |&nbsp;GSM:&nbsp;5130 701Katso tarvikkeita","og_url":"https:\/\/terveks.ee\/fi\/elainten-ravinto-ja-tarvikkeet\/","og_site_name":"Terveks Loomakliinik","article_modified_time":"2022-05-18T08:23:00+00:00","twitter_card":"summary_large_image","twitter_misc":{"Arvioitu lukuaika":"4 minuuttia"},"schema":{"@context":"https:\/\/schema.org","@graph":[{"@type":"WebPage","@id":"https:\/\/terveks.ee\/fi\/elainten-ravinto-ja-tarvikkeet\/","url":"https:\/\/terveks.ee\/fi\/elainten-ravinto-ja-tarvikkeet\/","name":"El\u00e4inten ravinto ja tarvikkeet - Terveks Loomakliinik","isPartOf":{"@id":"https:\/\/terveks.ee\/fi\/#website"},"datePublished":"2022-05-18T08:22:59+00:00","dateModified":"2022-05-18T08:23:00+00:00","breadcrumb":{"@id":"https:\/\/terveks.ee\/fi\/elainten-ravinto-ja-tarvikkeet\/#breadcrumb"},"inLanguage":"fi","potentialAction":[{"@type":"ReadAction","target":["https:\/\/terveks.ee\/fi\/elainten-ravinto-ja-tarvikkeet\/"]}]},{"@type":"BreadcrumbList","@id":"https:\/\/terveks.ee\/fi\/elainten-ravinto-ja-tarvikkeet\/#breadcrumb","itemListElement":[{"@type":"ListItem","position":1,"name":"Home","item":"https:\/\/terveks.ee\/fi\/"},{"@type":"ListItem","position":2,"name":"El\u00e4inten ravinto ja tarvikkeet"}]},{"@type":"WebSite","@id":"https:\/\/terveks.ee\/fi\/#website","url":"https:\/\/terveks.ee\/fi\/","name":"Terveks Loomakliinik","description":"Loomakliinik","potentialAction":[{"@type":"SearchAction","target":{"@type":"EntryPoint","urlTemplate":"https:\/\/terveks.ee\/fi\/?s={search_term_string}"},"query-input":{"@type":"PropertyValueSpecification","valueRequired":true,"valueName":"search_term_string"}}],"inLanguage":"fi"}]}},"_links":{"self":[{"href":"https:\/\/terveks.ee\/fi\/wp-json\/wp\/v2\/pages\/1630","targetHints":{"allow":["GET"]}}],"collection":[{"href":"https:\/\/terveks.ee\/fi\/wp-json\/wp\/v2\/pages"}],"about":[{"href":"https:\/\/terveks.ee\/fi\/wp-json\/wp\/v2\/types\/page"}],"author":[{"embeddable":true,"href":"https:\/\/terveks.ee\/fi\/wp-json\/wp\/v2\/users\/3"}],"replies":[{"embeddable":true,"href":"https:\/\/terveks.ee\/fi\/wp-json\/wp\/v2\/comments?post=1630"}],"version-history":[{"count":2,"href":"https:\/\/terveks.ee\/fi\/wp-json\/wp\/v2\/pages\/1630\/revisions"}],"predecessor-version":[{"id":1632,"href":"https:\/\/terveks.ee\/fi\/wp-json\/wp\/v2\/pages\/1630\/revisions\/1632"}],"wp:attachment":[{"href":"https:\/\/terveks.ee\/fi\/wp-json\/wp\/v2\/media?parent=1630"}],"curies":[{"name":"wp","href":"https:\/\/api.w.org\/{rel}","templated":true}]}}