{"id":1636,"date":"2022-05-18T11:23:19","date_gmt":"2022-05-18T08:23:19","guid":{"rendered":"https:\/\/terveks.ee\/verkkokaupan-myyntiehdot\/"},"modified":"2022-05-18T11:26:41","modified_gmt":"2022-05-18T08:26:41","slug":"verkkokaupan-myyntiehdot","status":"publish","type":"page","link":"https:\/\/terveks.ee\/fi\/verkkokaupan-myyntiehdot\/","title":{"rendered":"Verkkokaupan myyntiehdot"},"content":{"rendered":"&#13;\n<h3 class=\"wp-block-heading\">VERKKOKAUPAN MYYNTIEHDOT<\/h3>&#13;\n&#13;\n<p>Verkkokaupan terveks.ee (j\u00e4ljemp\u00e4n\u00e4 Verkkokauppa) omistaja on <strong>Prof Pet Corporation Estonia<\/strong> <strong>O\u00dc <\/strong>(rekister\u00f6intitunnus 11363958), jonka rekister\u00f6ity toimipaikka on Riia mnt.109, 80020, P\u00e4rnu.<\/p>&#13;\n&#13;\n<p>Myyntisopimuksen voimassaolo, kaupalliset- ja hintatiedot<\/p>&#13;\n&#13;\n<p>Myyntiehdot koskevat tavaroiden ostamista verkkokaupasta.<\/p>&#13;\n&#13;\n<p>Verkkokaupassa myyt\u00e4vien tuotteiden hinnat on ilmoitettu tuotteiden yhteydess\u00e4. Hintaan lis\u00e4t\u00e4\u00e4n toimitusmaksu. Kaikki verkkokaupassa myyt\u00e4vien tuotteiden hinnat ovat eurom\u00e4\u00e4r\u00e4isi\u00e4.<\/p>&#13;\n&#13;\n<p>Toimitusmaksu riippuu ostajan sijainnista ja toimitustavasta. Toimitusmaksu ilmoitetaan ostajalle tilauksen yhteydess\u00e4.<\/p>&#13;\n&#13;\n<p>Tietoa tuotteista on verkkokaupassa suoraan tuotteiden vieress\u00e4.<\/p>&#13;\n&#13;\n<p>Tilauksen tekeminen<\/p>&#13;\n&#13;\n<p>Sinun on lis\u00e4tt\u00e4v\u00e4 haluamasi tuotteet ostoskoriin tehd\u00e4ksesi tilauksen. Tilauksen tekemist\u00e4 varten sinun on t\u00e4ytett\u00e4v\u00e4 vaaditut kent\u00e4t ja valittava sopiva toimitustapa. T\u00e4m\u00e4n j\u00e4lkeen n\u00e4yt\u00f6ll\u00e4 n\u00e4kyy maksun m\u00e4\u00e4r\u00e4, joka voidaan maksaa turvallisesti seuraavilla maksutavoilla:<\/p>&#13;\n&#13;\n<ul class=\"wp-block-list\">&#13;\n<li>Virolaiset pankit: Swedbank, SEB, Luminor, LHV, Coop Pank, Pocopay<\/li>&#13;\n<\/ul>&#13;\n&#13;\n<p>HUOM! Kun maksat pankkisiirrolla, muista painaa \u201dTakaisin kauppaan\u201d -painiketta pankkisivulla.<\/p>&#13;\n&#13;\n<p>Maksuja v\u00e4litt\u00e4\u00e4 <a href=\"http:\/\/www.maksekeskus.ee\/\">Maksekeskus AS<\/a>. Maksaminen tapahtuu verkkokaupan ulkopuolella suojatussa ymp\u00e4rist\u00f6ss\u00e4 \u2013 pankkisiirrolla maksettaessa kyseisen pankin suojatussa ymp\u00e4rist\u00f6ss\u00e4 ja luottokortilla maksettaessa Maksekeskus AS:n suojatussa ymp\u00e4rist\u00f6ss\u00e4. Myyj\u00e4ll\u00e4 ei ole p\u00e4\u00e4sy\u00e4 asiakkaan pankki- ja luottokorttitietoihin. Sopimus tulee voimaan p\u00e4iv\u00e4n\u00e4, jona verkkokaupan k\u00e4ytt\u00f6tilille maksettava summa on vastaanotettu.<\/p>&#13;\n&#13;\n<p>Verkkokaupan omistaja on henkil\u00f6tietojen rekisterinpit\u00e4j\u00e4 ja v\u00e4litt\u00e4\u00e4 maksujen suorittamiseksi tarvittavat henkil\u00f6tiedot Maksekeskus AS:lle.<\/p>&#13;\n&#13;\n<p>Jos tilattuja tavaroita ei voida toimittaa toimitusajan umpeutumisen tai muun syyn vuoksi, ostajalle ilmoitetaan asiasta mahdollisimman pian ja maksetut rahat (toimituskulut mukaan lukien) palautetaan v\u00e4litt\u00f6m\u00e4sti, kuitenkin viimeist\u00e4\u00e4n 14 p\u00e4iv\u00e4n kuluttua ilmoituksesta.<\/p>&#13;\n&#13;\n<p>Toimittaminen<\/p>&#13;\n&#13;\n<p>Tuotteita voidaan l\u00e4hett\u00e4\u00e4 seuraaviin maihin: Viron tasavalta<\/p>&#13;\n&#13;\n<p>Ostajalla on seuraavat mahdollisuudet noutaa tuotteet:<\/p>&#13;\n&#13;\n<p><strong>-Itella SmartPost -pakettiautomaatti,<\/strong><\/p>&#13;\n&#13;\n<p><strong>-DPD:n pakettiautomaatti ja<\/strong><\/p>&#13;\n&#13;\n<p><strong>-kuriiri,<\/strong><\/p>&#13;\n&#13;\n<p>&#8211;<strong>itse noutamalla Terveks Loomakliinikalta osoitteesta Riia mnt.109 P\u00e4rnu<\/strong>,<\/p>&#13;\n&#13;\n<p>Ostaja vastaa toimituskuluista, ja vastaavat hintatiedot n\u00e4kyv\u00e4t toimitustavan yhteydess\u00e4.<\/p>&#13;\n&#13;\n<p>Viron sis\u00e4iset l\u00e4hetykset saapuvat yleens\u00e4 ostajan ilmoittamaan m\u00e4\u00e4r\u00e4np\u00e4\u00e4h\u00e4n 3 ty\u00f6p\u00e4iv\u00e4n kuluessa kauppasopimuksen voimaantulosta.<\/p>&#13;\n&#13;\n<p>Poikkeustapauksissa sinulla on oikeus saada tavarat toimitettuina viimeist\u00e4\u00e4n 45 kalenterip\u00e4iv\u00e4n kuluessa.<\/p>&#13;\n&#13;\n<p>Peruuttamisoikeus<\/p>&#13;\n&#13;\n<p>Tilauksen vastaanottamisen j\u00e4lkeen ostajalla on oikeus peruuttaa s\u00e4hk\u00f6inen sopimus 14 p\u00e4iv\u00e4n kuluessa.<\/p>&#13;\n&#13;\n<p>Peruuttamisoikeutta ei sovelleta, jos ostaja on oikeushenkil\u00f6.<\/p>&#13;\n&#13;\n<p>14 p\u00e4iv\u00e4n peruuttamisoikeuden k\u00e4ytt\u00e4miseksi tilattuja tuotteita ei saa k\u00e4ytt\u00e4\u00e4 muulla tavoin kuin on tarpeen tavaroiden luonteen, ominaisuuksien ja toiminnan selvitt\u00e4miseksi samalla tavalla kuin on sallittua tavaroiden testaamiseksi fyysisess\u00e4 myym\u00e4l\u00e4ss\u00e4.<\/p>&#13;\n&#13;\n<p>Jos tavaroita on k\u00e4ytetty muuhun kuin tavaran luonteen, ominaisuuksien ja toiminnan selvitt\u00e4miseen tarvittavaan tarkoitukseen tai jos tavaroissa on k\u00e4yt\u00f6n tai kulumisen merkkej\u00e4, verkkokaupalla on oikeus alentaa palautettavaa maksua tavaran arvon alenemisen mukaisesti.<\/p>&#13;\n&#13;\n<p>14 p\u00e4iv\u00e4n peruuttamisoikeus ei koske tuotteita, joita ei niiden luonteen vuoksi voi palauttaa (esim. avattu ruokapakkaus), paitsi jos pakkauksen avaaminen paljastaa, ett\u00e4 ruoka on pilaantunut ennen avaamista.<\/p>&#13;\n&#13;\n<p>Palauttaaksesi tuotteet sinun on l\u00e4hetett\u00e4v\u00e4 peruuttamislomake, jossa ilmoitetaan peruuttamisen syy, osoitteeseen info@profpetcorporation.co.ee viimeist\u00e4\u00e4n 14 p\u00e4iv\u00e4n kuluessa tuotteiden vastaanottamisesta.<\/p>&#13;\n<p>\u00a0<\/p>&#13;\n<p>\u00a0<\/p>&#13;\n<p>\u00a0<\/p>&#13;\n","protected":false},"excerpt":{"rendered":"<p>&#13; VERKKOKAUPAN MYYNTIEHDOT &#13; &#13; Verkkokaupan terveks.ee (j\u00e4ljemp\u00e4n\u00e4 Verkkokauppa) omistaja on Prof Pet Corporation Estonia O\u00dc (rekister\u00f6intitunnus 11363958), jonka rekister\u00f6ity toimipaikka on Riia mnt.109, 80020, P\u00e4rnu. &#13; &#13; Myyntisopimuksen voimassaolo, kaupalliset- ja hintatiedot &#13; &#13; Myyntiehdot koskevat tavaroiden ostamista verkkokaupasta. &#13; &#13; Verkkokaupassa myyt\u00e4vien tuotteiden hinnat on ilmoitettu tuotteiden yhteydess\u00e4. Hintaan lis\u00e4t\u00e4\u00e4n toimitusmaksu. Kaikki verkkokaupassa [&hellip;]<\/p>\n","protected":false},"author":3,"featured_media":0,"parent":0,"menu_order":0,"comment_status":"closed","ping_status":"closed","template":"","meta":{"_et_pb_use_builder":"off","_et_pb_old_content":"","_et_gb_content_width":"","footnotes":""},"class_list":["post-1636","page","type-page","status-publish","hentry"],"yoast_head":"<!-- This site is optimized with the Yoast SEO plugin v27.3 - https:\/\/yoast.com\/product\/yoast-seo-wordpress\/ -->\n<title>Verkkokaupan myyntiehdot - Terveks Loomakliinik<\/title>\n<meta name=\"robots\" content=\"index, follow, max-snippet:-1, max-image-preview:large, max-video-preview:-1\" \/>\n<link rel=\"canonical\" href=\"https:\/\/terveks.ee\/fi\/verkkokaupan-myyntiehdot\/\" \/>\n<meta property=\"og:locale\" content=\"fi_FI\" \/>\n<meta property=\"og:type\" content=\"article\" \/>\n<meta property=\"og:title\" content=\"Verkkokaupan myyntiehdot - Terveks Loomakliinik\" \/>\n<meta property=\"og:description\" content=\"&#013; VERKKOKAUPAN MYYNTIEHDOT &#013; &#013; Verkkokaupan terveks.ee (j\u00e4ljemp\u00e4n\u00e4 Verkkokauppa) omistaja on Prof Pet Corporation Estonia O\u00dc (rekister\u00f6intitunnus 11363958), jonka rekister\u00f6ity toimipaikka on Riia mnt.109, 80020, P\u00e4rnu. &#013; &#013; Myyntisopimuksen voimassaolo, kaupalliset- ja hintatiedot &#013; &#013; Myyntiehdot koskevat tavaroiden ostamista verkkokaupasta. &#013; &#013; Verkkokaupassa myyt\u00e4vien tuotteiden hinnat on ilmoitettu tuotteiden yhteydess\u00e4. Hintaan lis\u00e4t\u00e4\u00e4n toimitusmaksu. Kaikki verkkokaupassa [&hellip;]\" \/>\n<meta property=\"og:url\" content=\"https:\/\/terveks.ee\/fi\/verkkokaupan-myyntiehdot\/\" \/>\n<meta property=\"og:site_name\" content=\"Terveks Loomakliinik\" \/>\n<meta property=\"article:modified_time\" content=\"2022-05-18T08:26:41+00:00\" \/>\n<meta name=\"twitter:card\" content=\"summary_large_image\" \/>\n<meta name=\"twitter:label1\" content=\"Arvioitu lukuaika\" \/>\n\t<meta name=\"twitter:data1\" content=\"2 minuuttia\" \/>\n<script type=\"application\/ld+json\" class=\"yoast-schema-graph\">{\"@context\":\"https:\\\/\\\/schema.org\",\"@graph\":[{\"@type\":\"WebPage\",\"@id\":\"https:\\\/\\\/terveks.ee\\\/fi\\\/verkkokaupan-myyntiehdot\\\/\",\"url\":\"https:\\\/\\\/terveks.ee\\\/fi\\\/verkkokaupan-myyntiehdot\\\/\",\"name\":\"Verkkokaupan myyntiehdot - Terveks Loomakliinik\",\"isPartOf\":{\"@id\":\"https:\\\/\\\/terveks.ee\\\/fi\\\/#website\"},\"datePublished\":\"2022-05-18T08:23:19+00:00\",\"dateModified\":\"2022-05-18T08:26:41+00:00\",\"breadcrumb\":{\"@id\":\"https:\\\/\\\/terveks.ee\\\/fi\\\/verkkokaupan-myyntiehdot\\\/#breadcrumb\"},\"inLanguage\":\"fi\",\"potentialAction\":[{\"@type\":\"ReadAction\",\"target\":[\"https:\\\/\\\/terveks.ee\\\/fi\\\/verkkokaupan-myyntiehdot\\\/\"]}]},{\"@type\":\"BreadcrumbList\",\"@id\":\"https:\\\/\\\/terveks.ee\\\/fi\\\/verkkokaupan-myyntiehdot\\\/#breadcrumb\",\"itemListElement\":[{\"@type\":\"ListItem\",\"position\":1,\"name\":\"Home\",\"item\":\"https:\\\/\\\/terveks.ee\\\/fi\\\/\"},{\"@type\":\"ListItem\",\"position\":2,\"name\":\"Verkkokaupan myyntiehdot\"}]},{\"@type\":\"WebSite\",\"@id\":\"https:\\\/\\\/terveks.ee\\\/fi\\\/#website\",\"url\":\"https:\\\/\\\/terveks.ee\\\/fi\\\/\",\"name\":\"Terveks Loomakliinik\",\"description\":\"Loomakliinik\",\"potentialAction\":[{\"@type\":\"SearchAction\",\"target\":{\"@type\":\"EntryPoint\",\"urlTemplate\":\"https:\\\/\\\/terveks.ee\\\/fi\\\/?s={search_term_string}\"},\"query-input\":{\"@type\":\"PropertyValueSpecification\",\"valueRequired\":true,\"valueName\":\"search_term_string\"}}],\"inLanguage\":\"fi\"}]}<\/script>\n<!-- \/ Yoast SEO plugin. -->","yoast_head_json":{"title":"Verkkokaupan myyntiehdot - Terveks Loomakliinik","robots":{"index":"index","follow":"follow","max-snippet":"max-snippet:-1","max-image-preview":"max-image-preview:large","max-video-preview":"max-video-preview:-1"},"canonical":"https:\/\/terveks.ee\/fi\/verkkokaupan-myyntiehdot\/","og_locale":"fi_FI","og_type":"article","og_title":"Verkkokaupan myyntiehdot - Terveks Loomakliinik","og_description":"&#13; VERKKOKAUPAN MYYNTIEHDOT &#13; &#13; Verkkokaupan terveks.ee (j\u00e4ljemp\u00e4n\u00e4 Verkkokauppa) omistaja on Prof Pet Corporation Estonia O\u00dc (rekister\u00f6intitunnus 11363958), jonka rekister\u00f6ity toimipaikka on Riia mnt.109, 80020, P\u00e4rnu. &#13; &#13; Myyntisopimuksen voimassaolo, kaupalliset- ja hintatiedot &#13; &#13; Myyntiehdot koskevat tavaroiden ostamista verkkokaupasta. &#13; &#13; Verkkokaupassa myyt\u00e4vien tuotteiden hinnat on ilmoitettu tuotteiden yhteydess\u00e4. Hintaan lis\u00e4t\u00e4\u00e4n toimitusmaksu. Kaikki verkkokaupassa [&hellip;]","og_url":"https:\/\/terveks.ee\/fi\/verkkokaupan-myyntiehdot\/","og_site_name":"Terveks Loomakliinik","article_modified_time":"2022-05-18T08:26:41+00:00","twitter_card":"summary_large_image","twitter_misc":{"Arvioitu lukuaika":"2 minuuttia"},"schema":{"@context":"https:\/\/schema.org","@graph":[{"@type":"WebPage","@id":"https:\/\/terveks.ee\/fi\/verkkokaupan-myyntiehdot\/","url":"https:\/\/terveks.ee\/fi\/verkkokaupan-myyntiehdot\/","name":"Verkkokaupan myyntiehdot - Terveks Loomakliinik","isPartOf":{"@id":"https:\/\/terveks.ee\/fi\/#website"},"datePublished":"2022-05-18T08:23:19+00:00","dateModified":"2022-05-18T08:26:41+00:00","breadcrumb":{"@id":"https:\/\/terveks.ee\/fi\/verkkokaupan-myyntiehdot\/#breadcrumb"},"inLanguage":"fi","potentialAction":[{"@type":"ReadAction","target":["https:\/\/terveks.ee\/fi\/verkkokaupan-myyntiehdot\/"]}]},{"@type":"BreadcrumbList","@id":"https:\/\/terveks.ee\/fi\/verkkokaupan-myyntiehdot\/#breadcrumb","itemListElement":[{"@type":"ListItem","position":1,"name":"Home","item":"https:\/\/terveks.ee\/fi\/"},{"@type":"ListItem","position":2,"name":"Verkkokaupan myyntiehdot"}]},{"@type":"WebSite","@id":"https:\/\/terveks.ee\/fi\/#website","url":"https:\/\/terveks.ee\/fi\/","name":"Terveks Loomakliinik","description":"Loomakliinik","potentialAction":[{"@type":"SearchAction","target":{"@type":"EntryPoint","urlTemplate":"https:\/\/terveks.ee\/fi\/?s={search_term_string}"},"query-input":{"@type":"PropertyValueSpecification","valueRequired":true,"valueName":"search_term_string"}}],"inLanguage":"fi"}]}},"_links":{"self":[{"href":"https:\/\/terveks.ee\/fi\/wp-json\/wp\/v2\/pages\/1636","targetHints":{"allow":["GET"]}}],"collection":[{"href":"https:\/\/terveks.ee\/fi\/wp-json\/wp\/v2\/pages"}],"about":[{"href":"https:\/\/terveks.ee\/fi\/wp-json\/wp\/v2\/types\/page"}],"author":[{"embeddable":true,"href":"https:\/\/terveks.ee\/fi\/wp-json\/wp\/v2\/users\/3"}],"replies":[{"embeddable":true,"href":"https:\/\/terveks.ee\/fi\/wp-json\/wp\/v2\/comments?post=1636"}],"version-history":[{"count":1,"href":"https:\/\/terveks.ee\/fi\/wp-json\/wp\/v2\/pages\/1636\/revisions"}],"predecessor-version":[{"id":1637,"href":"https:\/\/terveks.ee\/fi\/wp-json\/wp\/v2\/pages\/1636\/revisions\/1637"}],"wp:attachment":[{"href":"https:\/\/terveks.ee\/fi\/wp-json\/wp\/v2\/media?parent=1636"}],"curies":[{"name":"wp","href":"https:\/\/api.w.org\/{rel}","templated":true}]}}